{"id":28116,"date":"2025-08-13T09:03:26","date_gmt":"2025-08-13T06:03:26","guid":{"rendered":"https:\/\/stj-sy.org\/?page_id=28116"},"modified":"2025-08-13T09:03:26","modified_gmt":"2025-08-13T06:03:26","slug":"politique-de-confidentialite","status":"publish","type":"page","link":"https:\/\/stj-sy.org\/fr\/politique-de-confidentialite\/","title":{"rendered":"Politique de confidentialit\u00e9"},"content":{"rendered":"<p>Veuillez lire attentivement cette politique pour comprendre comment l&rsquo;organisation \u00ab\u00a0Syrians for Truth and Justice\u00a0\u00bb collecte, utilise et traite vos donn\u00e9es personnelles.<\/p>\n<p><strong>Qui sommes-nous ?<\/strong><\/p>\n<p>\u00ab\u00a0Syrians for Truth and Justice\u00a0\u00bb est une organisation syrienne ind\u00e9pendante, non gouvernementale et \u00e0 but non lucratif. Elle regroupe des d\u00e9fenseurs des droits de l\u2019homme syriens de diverses origines et affiliations, ainsi que des universitaires de<\/p>\n<p>diff\u00e9rentes nationalit\u00e9s dans son \u00e9quipe fondatrice. L&rsquo;organisation \u0153uvre pour une Syrie o\u00f9 tous les citoyens jouissent de la dignit\u00e9, de la justice et des droits humains \u00e9gaux.<\/p>\n<p>Le site web de \u00ab\u00a0Syrians for Truth and Justice\u00a0\u00bb est : www.stj-sy.org.<\/p>\n<p>L&rsquo;organisation \u00ab\u00a0Syrians for Truth and Justice\u00a0\u00bb g\u00e8re le site web, y compris toutes les informations et le contenu qu&rsquo;il contient.<\/p>\n<p>\u00ab\u00a0Syrians for Truth and Justice\u00a0\u00bb s&rsquo;engage \u00e0 garantir la confidentialit\u00e9 de tous les utilisateurs de son site web. Cette \u00ab\u00a0Politique de confidentialit\u00e9\u00a0\u00bb r\u00e9git toutes les pages de notre site.<\/p>\n<p><strong>Consentement<\/strong><\/p>\n<p>En utilisant le site de \u00ab\u00a0Syrians for Truth and Justice\u00a0\u00bb, vous consentez aux conditions de cette politique de confidentialit\u00e9. L&rsquo;organisation peut modifier les termes de la confidentialit\u00e9 de temps en temps. En continuant d&rsquo;utiliser notre site et ses applications, vous acceptez les termes et conditions de la politique de confidentialit\u00e9, qui peut \u00eatre modifi\u00e9e pour s&rsquo;adapter \u00e0 nos services.<\/p>\n<p><strong>Quelles informations collectons-nous et stockons-nous ?<\/strong><\/p>\n<p>Afin que le site fonctionne correctement, le serveur doit collecter et traiter certaines informations, telles que l\u2019adresse IP du visiteur. Ces informations permettent au serveur d&rsquo;ex\u00e9cuter les requ\u00eates de navigation et de fournir les donn\u00e9es n\u00e9cessaires pour identifier et r\u00e9soudre les erreurs et am\u00e9liorer le site.<\/p>\n<p>Lorsque vous naviguez sur notre site en tant que visiteur, nous ne collectons pas de donn\u00e9es personnelles telles que votre nom, adresse, num\u00e9ro de t\u00e9l\u00e9phone ou adresse e-mail, sauf si vous les soumettez volontairement.<\/p>\n<p><strong>Commentaires<\/strong><\/p>\n<p>En utilisant la fonction de commentaires sur notre site, nous collectons les donn\u00e9es saisies dans le formulaire, telles que le nom, l&rsquo;adresse e-mail et le site web, ainsi que l&rsquo;adresse IP du visiteur et la cha\u00eene d&rsquo;agent utilisateur du navigateur Proxy pour aider \u00e0 d\u00e9tecter les spams.<\/p>\n<p>Si vous utilisez un r\u00e9seau social tel que Facebook ou Twitter pour soumettre un commentaire, les informations sont collect\u00e9es par un tiers et soumises aux politiques de confidentialit\u00e9 de cette plateforme, par exemple :<\/p>\n<p>Politique de confidentialit\u00e9 de Facebook : <a href=\"https:\/\/www.facebook.com\/privacy\/explanation\">https:\/\/www.facebook.com\/privacy\/explanation<\/a><\/p>\n<p>R\u00e8gles et politiques de Twitter : <a href=\"https:\/\/help.twitter.com\/ar\/rules-and-policies#general-policies\">https:\/\/help.twitter.com\/ar\/rules-and-policies#general-policies<\/a><\/p>\n<p>Nous pouvons fournir une cha\u00eene anonyme cr\u00e9\u00e9e \u00e0 partir de votre adresse e-mail (\u00e9galement appel\u00e9e hash) \u00e0 la plateforme Gravatar pour v\u00e9rifier si vous l&rsquo;utilisez.<\/p>\n<p>La politique de confidentialit\u00e9 de Gravatar est disponible ici : <a href=\"https:\/\/automattic.com\/privacy\/\">https:\/\/automattic.com\/privacy\/<\/a>\u00a0. Apr\u00e8s l&rsquo;approbation de votre commentaire, votre photo de profil sera visible publiquement dans le contexte de votre commentaire.<\/p>\n<p><strong>Formulaires de contact<\/strong><\/p>\n<p>Lorsque vous utilisez un formulaire de contact pour nous contacter, les informations transmises, y compris l\u2019adresse e-mail, sont collect\u00e9es et trait\u00e9es par un responsable de la r\u00e9daction du site. Nous garantissons la confidentialit\u00e9 des informations transmises et utilisons l&rsquo;e-mail uniquement pour r\u00e9pondre \u00e0 vos messages. Le courrier, les noms ou les informations contenues dans les messages ne sont partag\u00e9s avec aucune autre partie.<\/p>\n<p><strong>Abonnement \u00e0 la newsletter<\/strong><\/p>\n<p>Si vous souhaitez vous abonner \u00e0 notre liste de diffusion, nous collectons des informations telles que le nom, le pr\u00e9nom et l\u2019adresse e-mail. Ces informations sont utilis\u00e9es pour vous envoyer des bulletins d\u2019information. Ce service est soumis \u00e0 la politique de confidentialit\u00e9 d\u2019un tiers, MailChimp. Vous pouvez consulter leur politique ici : <a href=\"https:\/\/mailchimp.com\/legal\/privacy\/\">https:\/\/mailchimp.com\/legal\/privacy<\/a>.<\/p>\n<p><strong>Analyses<\/strong><\/p>\n<p>Les cookies sont utilis\u00e9s pour analyser et comprendre les visites et les pages que vous parcourez. Les services d&rsquo;analyse nous fournissent des informations pr\u00e9cieuses sur la ville, le pays et les heures de visite. Ces analyses nous aident \u00e0 comprendre les int\u00e9r\u00eats des visiteurs, les heures de leurs visites et la dur\u00e9e de leur visite. le temps qu&rsquo;ils passent sur nos pages, en plus de d\u00e9terminer le type d&rsquo;appareils utilis\u00e9s, la taille de l&rsquo;\u00e9cran, les syst\u00e8mes d&rsquo;exploitation et le type de navigateur utilis\u00e9.<\/p>\n<p>Ces analyses sont fournies via notre serveur, en plus des services d&rsquo;analyse tiers que nous utilisons sur notre site Web, tels que Google Analysis, Facebook Analysis et autres.<\/p>\n<p><strong>S\u00e9curit\u00e9 des informations<\/strong><\/p>\n<p>\u00ab\u00a0Syrians for Truth and Justice\u00a0\u00bb applique des mesures techniques et organisationnelles raisonnables pour prot\u00e9ger les informations personnelles contre la perte, l\u2019utilisation abusive, l\u2019acc\u00e8s non autoris\u00e9, la divulgation, l\u2019alt\u00e9ration ou la destruction. Tenir compte des risques li\u00e9s au traitement des informations personnelles et de leur nature.<\/p>\n<p><strong>Cookies<\/strong><\/p>\n<p>Les cookies, appel\u00e9s cookies, sont de petits morceaux de texte qui stockent des informations permettant d&rsquo;identifier l&rsquo;utilisateur sur le navigateur ou les appareils. Ces fichiers sont utilis\u00e9s pour comprendre et analyser le trafic r\u00e9seau, ce qui contribue \u00e0 fournir des informations utilis\u00e9es pour am\u00e9liorer les performances et les services et comprendre les int\u00e9r\u00eats de l&rsquo;utilisateur.<\/p>\n<p>Nous utilisons des cookies lors de votre visite sur le site \u00e0 diverses fins pour am\u00e9liorer les performances, la vitesse et la s\u00e9curit\u00e9, en plus de divers services fournis par des tiers pour comprendre comment vous interagissez avec notre site par leur interm\u00e9diaire, tels que les boutons de r\u00e9seaux sociaux.<\/p>\n<p><strong>Donnez-nous la permission d&rsquo;utiliser des cookies<\/strong><\/p>\n<p>Si le logiciel que vous utilisez pour consulter ces sites Web (votre navigateur) est configur\u00e9 pour accepter les cookies et que vous continuez \u00e0 utiliser notre site Web, vous \u00eates d&rsquo;accord avec cela. Si vous souhaitez supprimer ou ne plus utiliser les cookies de notre site, vous pourrez continuer \u00e0 naviguer sur notre site, mais certains services ne fonctionneront pas comme pr\u00e9vu.<\/p>\n<p>Pour savoir comment bloquer les cookies via le navigateur Chrome, cliquez <u>ici<\/u>.<\/p>\n<p>Vous pouvez d\u00e9couvrir comment bloquer les cookies avec diff\u00e9rents navigateurs gr\u00e2ce aux instructions d&rsquo;assistance fournies par le navigateur que vous utilisez.<\/p>\n<p><strong>Contenu int\u00e9gr\u00e9 \u00e0 partir de sites tiers<\/strong><\/p>\n<p>Certains contenus de notre site peuvent inclure des \u00e9l\u00e9ments int\u00e9gr\u00e9s provenant d\u2019autres sites (comme des vid\u00e9os YouTube, des tweets ou une publication de Facebook). Le contenu int\u00e9gr\u00e9 provenant d\u2019autres sites Web se comporte comme si le visiteur visitait ces sites Web.<\/p>\n<p>Ces sites Web peuvent collecter des donn\u00e9es sur vous, utiliser des cookies, int\u00e9grer un suivi tiers suppl\u00e9mentaire et surveiller votre interaction avec ce contenu int\u00e9gr\u00e9, y compris le suivi de votre interaction avec le contenu int\u00e9gr\u00e9 si vous disposez d&rsquo;un compte et \u00eates connect\u00e9 \u00e0 ce site Web.<\/p>\n<p><strong>Informations g\u00e9n\u00e9rales et sites Web de tiers<\/strong><\/p>\n<p>&#8211; Toute information que vous incluez dans un commentaire sur notre site peut \u00eatre lue, collect\u00e9e et utilis\u00e9e par quiconque. Si vos informations personnelles apparaissent sur notre site et que vous souhaitez qu&rsquo;elles soient supprim\u00e9es, contactez-nous <u>ici<\/u>. Si nous ne parvenons pas \u00e0 supprimer vos informations, nous vous expliquerons pourquoi.<\/p>\n<p>&#8211; Plateformes de m\u00e9dias sociaux. Notre site Web comprend des fonctionnalit\u00e9s de m\u00e9dias sociaux, telles que le bouton J&rsquo;aime (Like) de Facebook. Ces fonctionnalit\u00e9s peuvent collecter des informations sur votre adresse IP et la page que vous visitez sur notre site, et peuvent d\u00e9finir un cookie pour garantir le bon fonctionnement de la fonctionnalit\u00e9. Les fonctionnalit\u00e9s des r\u00e9seaux sociaux sont soit h\u00e9berg\u00e9es par un tiers, soit h\u00e9berg\u00e9es directement sur notre site.<\/p>\n<p>Nous maintenons \u00e9galement une pr\u00e9sence sur les plateformes de m\u00e9dias sociaux, notamment Facebook, Twitter et Instagram.\u00a0 Toute information, communication ou mat\u00e9riel que vous nous transmettez via une plateforme de m\u00e9dias sociaux se fait \u00e0 vos propres risques, sans aucune attente en mati\u00e8re de confidentialit\u00e9. Nous ne pouvons pas contr\u00f4ler les actions des autres utilisateurs de ces plateformes ni les actions des plateformes elles-m\u00eames. Vos interactions avec ces fonctionnalit\u00e9s et plateformes sont r\u00e9gies par les politiques de confidentialit\u00e9 des soci\u00e9t\u00e9s qui les fournissent.<\/p>\n<p>&#8211; Liens vers des sites Web tiers. Nos sites Web contiennent des liens vers d\u2019autres sites Web dont les pratiques en mati\u00e8re de confidentialit\u00e9 peuvent diff\u00e9rer des n\u00f4tres. Si vous soumettez des informations personnelles \u00e0 l&rsquo;un de ces sites, vos informations sont r\u00e9gies par leurs politiques de confidentialit\u00e9 respectives. Nous vous encourageons \u00e0 lire attentivement la politique de confidentialit\u00e9 de tout site que vous visitez.<\/p>\n<p><strong>Base juridique du traitement<\/strong><\/p>\n<p>Nous traitons les informations personnelles vous concernant en tant que responsable du traitement des donn\u00e9es comme d\u00e9crit dans cette section, lorsque ce traitement est dans notre int\u00e9r\u00eat l\u00e9gitime et n&rsquo;est pas supplant\u00e9 par vos int\u00e9r\u00eats en mati\u00e8re de protection des donn\u00e9es ou vos droits et libert\u00e9s fondamentaux. Nos int\u00e9r\u00eats l\u00e9gitimes comprennent g\u00e9n\u00e9ralement : l\u2019am\u00e9lioration, la maintenance, la fourniture et le renforcement de notre technologie, de nos produits et de nos services. Assurer la s\u00e9curit\u00e9 de nos services et de notre site Internet.<\/p>\n<p>Vous avez le droit de d\u00e9poser une plainte aupr\u00e8s d&rsquo;une autorit\u00e9 de protection des donn\u00e9es concernant la collecte et l&rsquo;utilisation de vos informations personnelles.<\/p>\n<p>Pour plus d\u2019informations, veuillez contacter votre autorit\u00e9 locale de protection des donn\u00e9es. Les coordonn\u00e9es des autorit\u00e9s de protection des donn\u00e9es dans l\u2019Espace \u00e9conomique europ\u00e9en sont disponibles <u>ici<\/u>.<\/p>\n<p>&nbsp;<\/p>\n<p>&nbsp;<\/p>\n<p><strong>Utilisation des informations personnelles<\/strong><\/p>\n<p>Nous pouvons utiliser les informations que nous collectons via notre site Web pour diverses raisons, notamment :<\/p>\n<p>&#8211; Pour fournir, exploiter, am\u00e9liorer et maintenir notre site Web.<\/p>\n<p>&#8211; \u00c0 des fins de recrutement si vous avez postul\u00e9 \u00e0 un poste disponible.<\/p>\n<p>&#8211; Pour r\u00e9pondre \u00e0 vos questions et demandes en ligne, et pour vous fournir des informations et un acc\u00e8s aux ressources ou services que vous nous avez demand\u00e9s.<\/p>\n<p>&#8211; Pour administrer notre site Web, l\u2019administration du syst\u00e8me et la s\u00e9curit\u00e9.<\/p>\n<p>&#8211; Pour am\u00e9liorer la navigation et le contenu de notre site Web.<\/p>\n<p>&#8211; Pour identifier tout probl\u00e8me de serveur ou autre probl\u00e8me informatique ou de r\u00e9seau.<\/p>\n<p>&#8211; Compiler des statistiques analytiques sur l\u2019utilisation du site et mieux comprendre les pr\u00e9f\u00e9rences de nos visiteurs.<\/p>\n<p>&#8211; Pour personnaliser le contenu et la mise en page du site Web.<\/p>\n<p>&#8211; Pour r\u00e9aliser d\u2019autres finalit\u00e9s non commerciales l\u00e9gitimes, ainsi que d\u2019autres finalit\u00e9s l\u00e9gales.<\/p>\n<p><strong>L\u2019acc\u00e8s \u00e0 vos informations personnelles<\/strong><\/p>\n<p>Vous pouvez avoir des droits d&rsquo;acc\u00e8s aux informations personnelles que nous d\u00e9tenons \u00e0 votre sujet ; Ceci afin de les corriger, ou dans certains cas, de vous opposer \u00e0 la mani\u00e8re dont nous traitons vos informations, conform\u00e9ment aux dispositions de la loi sur la confidentialit\u00e9 des donn\u00e9es. Si vous souhaitez exercer l&rsquo;un de ces droits ou si vous avez des questions sur cette politique, veuillez nous contacter via le lien suivant : <u>Contactez-nous<\/u><\/p>\n<p><strong>Autres droits de protection des donn\u00e9es<\/strong><\/p>\n<p>Vous disposez des droits suivants en mati\u00e8re de protection des donn\u00e9es :<\/p>\n<p>&#8211; Pour acc\u00e9der, corriger, mettre \u00e0 jour ou demander la suppression de vos informations personnelles. \u00ab\u00a0Syrians for Truth and Justice\u00a0\u00bb prend des mesures raisonnables pour garantir que les donn\u00e9es que nous collectons sont fiables pour l&rsquo;usage pr\u00e9vu, exactes, compl\u00e8tes et \u00e0 jour.\u00a0 Vous pouvez nous contacter directement \u00e0 tout moment pour acc\u00e9der, corriger, mettre \u00e0 jour ou supprimer vos informations personnelles ou modifier vos donn\u00e9es ou pr\u00e9f\u00e9rences marketing en nous \u00e9crivant ici. Nous examinerons votre demande conform\u00e9ment aux lois applicables.<\/p>\n<p>&#8211; De plus, si vous \u00eates un r\u00e9sident de l&rsquo;Espace \u00e9conomique europ\u00e9en (EEE), vous pouvez vous opposer au traitement de vos informations personnelles, nous demander de restreindre le traitement de vos informations personnelles ou demander la portabilit\u00e9 de vos informations personnelles. L\u00e0 encore, vous pouvez exercer ces droits en nous \u00e9crivant ici.<\/p>\n<p>&#8211; De m\u00eame, si nous collectons et traitons vos informations personnelles avec votre consentement, vous pouvez retirer votre consentement \u00e0 tout moment. Le retrait de votre consentement n&rsquo;affectera pas la l\u00e9galit\u00e9 de tout traitement que nous avons effectu\u00e9 avant votre retrait, ni le traitement de vos informations personnelles effectu\u00e9 sur la base de motifs de traitement licites autres que le consentement.<\/p>\n<p>&#8211; Vous avez le droit de d\u00e9poser une plainte aupr\u00e8s d&rsquo;une autorit\u00e9 de protection des donn\u00e9es concernant la collecte et l&rsquo;utilisation de vos informations personnelles. Pour plus d\u2019informations, veuillez contacter votre autorit\u00e9 locale de protection des donn\u00e9es. Les coordonn\u00e9es des autorit\u00e9s de protection des donn\u00e9es dans l\u2019Espace \u00e9conomique europ\u00e9en sont disponibles <u>ici<\/u>.<\/p>\n<p>Nous r\u00e9pondons \u00e0 toutes les demandes que nous recevons de personnes souhaitant exercer leurs droits en mati\u00e8re de protection des donn\u00e9es conform\u00e9ment aux lois applicables en mati\u00e8re de protection des donn\u00e9es. Nous pouvons vous demander de v\u00e9rifier votre identit\u00e9 afin de nous aider \u00e0 r\u00e9pondre efficacement \u00e0 votre demande.<\/p>\n","protected":false},"excerpt":{"rendered":"<p>Veuillez lire attentivement cette politique pour comprendre comment l&rsquo;organisation \u00ab\u00a0Syrians for Truth and Justice\u00a0\u00bb collecte, utilise et traite vos donn\u00e9es personnelles. Qui sommes-nous ? \u00ab\u00a0Syrians for Truth and Justice\u00a0\u00bb est&hellip;<\/p>\n","protected":false},"author":16,"featured_media":0,"parent":0,"menu_order":0,"comment_status":"closed","ping_status":"closed","template":"","meta":{"_lmt_disableupdate":"","_lmt_disable":"","footnotes":""},"class_list":["post-28116","page","type-page","status-publish","hentry"],"yoast_head":"<!-- This site is optimized with the Yoast SEO plugin v26.8 - https:\/\/yoast.com\/product\/yoast-seo-wordpress\/ -->\n<title>Politique de confidentialit\u00e9 - \u0633\u0648\u0631\u064a\u0648\u0646 \u0645\u0646 \u0623\u062c\u0644 \u0627\u0644\u062d\u0642\u064a\u0642\u0629 \u0648\u0627\u0644\u0639\u062f\u0627\u0644\u0629<\/title>\n<meta name=\"robots\" content=\"index, follow, max-snippet:-1, max-image-preview:large, max-video-preview:-1\" \/>\n<link rel=\"canonical\" href=\"https:\/\/stj-sy.org\/fr\/politique-de-confidentialite\/\" \/>\n<meta property=\"og:locale\" content=\"fr_FR\" \/>\n<meta property=\"og:type\" content=\"article\" \/>\n<meta property=\"og:title\" content=\"Politique de confidentialit\u00e9 - \u0633\u0648\u0631\u064a\u0648\u0646 \u0645\u0646 \u0623\u062c\u0644 \u0627\u0644\u062d\u0642\u064a\u0642\u0629 \u0648\u0627\u0644\u0639\u062f\u0627\u0644\u0629\" \/>\n<meta property=\"og:description\" content=\"Veuillez lire attentivement cette politique pour comprendre comment l&rsquo;organisation \u00ab\u00a0Syrians for Truth and Justice\u00a0\u00bb collecte, utilise et traite vos donn\u00e9es personnelles. Qui sommes-nous ? \u00ab\u00a0Syrians for Truth and Justice\u00a0\u00bb est&hellip;\" \/>\n<meta property=\"og:url\" content=\"https:\/\/stj-sy.org\/fr\/politique-de-confidentialite\/\" \/>\n<meta property=\"og:site_name\" content=\"\u0633\u0648\u0631\u064a\u0648\u0646 \u0645\u0646 \u0623\u062c\u0644 \u0627\u0644\u062d\u0642\u064a\u0642\u0629 \u0648\u0627\u0644\u0639\u062f\u0627\u0644\u0629\" \/>\n<meta property=\"article:publisher\" content=\"https:\/\/www.facebook.com\/SyriaSTJ\/\" \/>\n<meta property=\"og:image\" content=\"https:\/\/stj-sy.org\/wp-content\/uploads\/2026\/01\/pages.jpg\" \/>\n\t<meta property=\"og:image:width\" content=\"1200\" \/>\n\t<meta property=\"og:image:height\" content=\"675\" \/>\n\t<meta property=\"og:image:type\" content=\"image\/jpeg\" \/>\n<meta name=\"twitter:card\" content=\"summary_large_image\" \/>\n<meta name=\"twitter:site\" content=\"@STJ_SYRIA_ENG\" \/>\n<meta name=\"twitter:label1\" content=\"Dur\u00e9e de lecture estim\u00e9e\" \/>\n\t<meta name=\"twitter:data1\" content=\"9 minutes\" \/>\n<script type=\"application\/ld+json\" class=\"yoast-schema-graph\">{\"@context\":\"https:\/\/schema.org\",\"@graph\":[{\"@type\":\"WebPage\",\"@id\":\"https:\/\/stj-sy.org\/fr\/politique-de-confidentialite\/\",\"url\":\"https:\/\/stj-sy.org\/fr\/politique-de-confidentialite\/\",\"name\":\"Politique de confidentialit\u00e9 - \u0633\u0648\u0631\u064a\u0648\u0646 \u0645\u0646 \u0623\u062c\u0644 \u0627\u0644\u062d\u0642\u064a\u0642\u0629 \u0648\u0627\u0644\u0639\u062f\u0627\u0644\u0629\",\"isPartOf\":{\"@id\":\"https:\/\/stj-sy.org\/fr\/#website\"},\"datePublished\":\"2025-08-13T06:03:26+00:00\",\"breadcrumb\":{\"@id\":\"https:\/\/stj-sy.org\/fr\/politique-de-confidentialite\/#breadcrumb\"},\"inLanguage\":\"fr-FR\",\"potentialAction\":[{\"@type\":\"ReadAction\",\"target\":[\"https:\/\/stj-sy.org\/fr\/politique-de-confidentialite\/\"]}]},{\"@type\":\"BreadcrumbList\",\"@id\":\"https:\/\/stj-sy.org\/fr\/politique-de-confidentialite\/#breadcrumb\",\"itemListElement\":[{\"@type\":\"ListItem\",\"position\":1,\"name\":\"\u0627\u0644\u0631\u0626\u064a\u0633\u064a\u0629\",\"item\":\"https:\/\/stj-sy.org\/fr\/\"},{\"@type\":\"ListItem\",\"position\":2,\"name\":\"Politique de confidentialit\u00e9\"}]},{\"@type\":\"WebSite\",\"@id\":\"https:\/\/stj-sy.org\/fr\/#website\",\"url\":\"https:\/\/stj-sy.org\/fr\/\",\"name\":\"\u0633\u0648\u0631\u064a\u0648\u0646 \u0645\u0646 \u0623\u062c\u0644 \u0627\u0644\u062d\u0642\u064a\u0642\u0629 \u0648\u0627\u0644\u0639\u062f\u0627\u0644\u0629\",\"description\":\"\u0645\u0648\u0642\u0639 \u0648\u0648\u0631\u062f\u0628\u0631\u064a\u0633 \u0639\u0631\u0628\u064a \u0622\u062e\u0631\",\"publisher\":{\"@id\":\"https:\/\/stj-sy.org\/fr\/#organization\"},\"potentialAction\":[{\"@type\":\"SearchAction\",\"target\":{\"@type\":\"EntryPoint\",\"urlTemplate\":\"https:\/\/stj-sy.org\/fr\/?s={search_term_string}\"},\"query-input\":{\"@type\":\"PropertyValueSpecification\",\"valueRequired\":true,\"valueName\":\"search_term_string\"}}],\"inLanguage\":\"fr-FR\"},{\"@type\":\"Organization\",\"@id\":\"https:\/\/stj-sy.org\/fr\/#organization\",\"name\":\"Syrians for Truth and Justice\",\"url\":\"https:\/\/stj-sy.org\/fr\/\",\"logo\":{\"@type\":\"ImageObject\",\"inLanguage\":\"fr-FR\",\"@id\":\"https:\/\/stj-sy.org\/fr\/#\/schema\/logo\/image\/\",\"url\":\"https:\/\/stj-sy.org\/wp-content\/uploads\/2019\/05\/logo.png\",\"contentUrl\":\"https:\/\/stj-sy.org\/wp-content\/uploads\/2019\/05\/logo.png\",\"width\":231,\"height\":70,\"caption\":\"Syrians for Truth and Justice\"},\"image\":{\"@id\":\"https:\/\/stj-sy.org\/fr\/#\/schema\/logo\/image\/\"},\"sameAs\":[\"https:\/\/www.facebook.com\/SyriaSTJ\/\",\"https:\/\/x.com\/STJ_SYRIA_ENG\",\"https:\/\/www.instagram.com\/syrians_for_truth_and_justice\/\",\"https:\/\/www.linkedin.com\/in\/syrians-for-truth-and-justice-8a0119172\/\"]}]}<\/script>\n<!-- \/ Yoast SEO plugin. -->","yoast_head_json":{"title":"Politique de confidentialit\u00e9 - \u0633\u0648\u0631\u064a\u0648\u0646 \u0645\u0646 \u0623\u062c\u0644 \u0627\u0644\u062d\u0642\u064a\u0642\u0629 \u0648\u0627\u0644\u0639\u062f\u0627\u0644\u0629","robots":{"index":"index","follow":"follow","max-snippet":"max-snippet:-1","max-image-preview":"max-image-preview:large","max-video-preview":"max-video-preview:-1"},"canonical":"https:\/\/stj-sy.org\/fr\/politique-de-confidentialite\/","og_locale":"fr_FR","og_type":"article","og_title":"Politique de confidentialit\u00e9 - \u0633\u0648\u0631\u064a\u0648\u0646 \u0645\u0646 \u0623\u062c\u0644 \u0627\u0644\u062d\u0642\u064a\u0642\u0629 \u0648\u0627\u0644\u0639\u062f\u0627\u0644\u0629","og_description":"Veuillez lire attentivement cette politique pour comprendre comment l&rsquo;organisation \u00ab\u00a0Syrians for Truth and Justice\u00a0\u00bb collecte, utilise et traite vos donn\u00e9es personnelles. Qui sommes-nous ? \u00ab\u00a0Syrians for Truth and Justice\u00a0\u00bb est&hellip;","og_url":"https:\/\/stj-sy.org\/fr\/politique-de-confidentialite\/","og_site_name":"\u0633\u0648\u0631\u064a\u0648\u0646 \u0645\u0646 \u0623\u062c\u0644 \u0627\u0644\u062d\u0642\u064a\u0642\u0629 \u0648\u0627\u0644\u0639\u062f\u0627\u0644\u0629","article_publisher":"https:\/\/www.facebook.com\/SyriaSTJ\/","og_image":[{"width":1200,"height":675,"url":"https:\/\/stj-sy.org\/wp-content\/uploads\/2026\/01\/pages.jpg","type":"image\/jpeg"}],"twitter_card":"summary_large_image","twitter_site":"@STJ_SYRIA_ENG","twitter_misc":{"Dur\u00e9e de lecture estim\u00e9e":"9 minutes"},"schema":{"@context":"https:\/\/schema.org","@graph":[{"@type":"WebPage","@id":"https:\/\/stj-sy.org\/fr\/politique-de-confidentialite\/","url":"https:\/\/stj-sy.org\/fr\/politique-de-confidentialite\/","name":"Politique de confidentialit\u00e9 - \u0633\u0648\u0631\u064a\u0648\u0646 \u0645\u0646 \u0623\u062c\u0644 \u0627\u0644\u062d\u0642\u064a\u0642\u0629 \u0648\u0627\u0644\u0639\u062f\u0627\u0644\u0629","isPartOf":{"@id":"https:\/\/stj-sy.org\/fr\/#website"},"datePublished":"2025-08-13T06:03:26+00:00","breadcrumb":{"@id":"https:\/\/stj-sy.org\/fr\/politique-de-confidentialite\/#breadcrumb"},"inLanguage":"fr-FR","potentialAction":[{"@type":"ReadAction","target":["https:\/\/stj-sy.org\/fr\/politique-de-confidentialite\/"]}]},{"@type":"BreadcrumbList","@id":"https:\/\/stj-sy.org\/fr\/politique-de-confidentialite\/#breadcrumb","itemListElement":[{"@type":"ListItem","position":1,"name":"\u0627\u0644\u0631\u0626\u064a\u0633\u064a\u0629","item":"https:\/\/stj-sy.org\/fr\/"},{"@type":"ListItem","position":2,"name":"Politique de confidentialit\u00e9"}]},{"@type":"WebSite","@id":"https:\/\/stj-sy.org\/fr\/#website","url":"https:\/\/stj-sy.org\/fr\/","name":"\u0633\u0648\u0631\u064a\u0648\u0646 \u0645\u0646 \u0623\u062c\u0644 \u0627\u0644\u062d\u0642\u064a\u0642\u0629 \u0648\u0627\u0644\u0639\u062f\u0627\u0644\u0629","description":"\u0645\u0648\u0642\u0639 \u0648\u0648\u0631\u062f\u0628\u0631\u064a\u0633 \u0639\u0631\u0628\u064a \u0622\u062e\u0631","publisher":{"@id":"https:\/\/stj-sy.org\/fr\/#organization"},"potentialAction":[{"@type":"SearchAction","target":{"@type":"EntryPoint","urlTemplate":"https:\/\/stj-sy.org\/fr\/?s={search_term_string}"},"query-input":{"@type":"PropertyValueSpecification","valueRequired":true,"valueName":"search_term_string"}}],"inLanguage":"fr-FR"},{"@type":"Organization","@id":"https:\/\/stj-sy.org\/fr\/#organization","name":"Syrians for Truth and Justice","url":"https:\/\/stj-sy.org\/fr\/","logo":{"@type":"ImageObject","inLanguage":"fr-FR","@id":"https:\/\/stj-sy.org\/fr\/#\/schema\/logo\/image\/","url":"https:\/\/stj-sy.org\/wp-content\/uploads\/2019\/05\/logo.png","contentUrl":"https:\/\/stj-sy.org\/wp-content\/uploads\/2019\/05\/logo.png","width":231,"height":70,"caption":"Syrians for Truth and Justice"},"image":{"@id":"https:\/\/stj-sy.org\/fr\/#\/schema\/logo\/image\/"},"sameAs":["https:\/\/www.facebook.com\/SyriaSTJ\/","https:\/\/x.com\/STJ_SYRIA_ENG","https:\/\/www.instagram.com\/syrians_for_truth_and_justice\/","https:\/\/www.linkedin.com\/in\/syrians-for-truth-and-justice-8a0119172\/"]}]}},"_links":{"self":[{"href":"https:\/\/stj-sy.org\/fr\/wp-json\/wp\/v2\/pages\/28116","targetHints":{"allow":["GET"]}}],"collection":[{"href":"https:\/\/stj-sy.org\/fr\/wp-json\/wp\/v2\/pages"}],"about":[{"href":"https:\/\/stj-sy.org\/fr\/wp-json\/wp\/v2\/types\/page"}],"author":[{"embeddable":true,"href":"https:\/\/stj-sy.org\/fr\/wp-json\/wp\/v2\/users\/16"}],"replies":[{"embeddable":true,"href":"https:\/\/stj-sy.org\/fr\/wp-json\/wp\/v2\/comments?post=28116"}],"version-history":[{"count":1,"href":"https:\/\/stj-sy.org\/fr\/wp-json\/wp\/v2\/pages\/28116\/revisions"}],"predecessor-version":[{"id":28117,"href":"https:\/\/stj-sy.org\/fr\/wp-json\/wp\/v2\/pages\/28116\/revisions\/28117"}],"wp:attachment":[{"href":"https:\/\/stj-sy.org\/fr\/wp-json\/wp\/v2\/media?parent=28116"}],"curies":[{"name":"wp","href":"https:\/\/api.w.org\/{rel}","templated":true}]}}