{"id":28110,"date":"2025-08-13T08:39:04","date_gmt":"2025-08-13T05:39:04","guid":{"rendered":"https:\/\/stj-sy.org\/?page_id=28110"},"modified":"2025-08-13T08:39:04","modified_gmt":"2025-08-13T05:39:04","slug":"que-faisons-nous","status":"publish","type":"page","link":"https:\/\/stj-sy.org\/fr\/que-faisons-nous\/","title":{"rendered":"Que faisons-nous"},"content":{"rendered":"<p>Publication des documents :<\/p>\n<p>\u00ab\u00a0Syrians for Truth and Justice\u00a0\u00bb publie une vari\u00e9t\u00e9 de contenus :<\/p>\n<p>1 &#8211; Journalisme des droits de l&rsquo;Homme :<\/p>\n<p>Sous cette cat\u00e9gorie, l&rsquo;organisation publie des rapports bas\u00e9s sur des faits et des \u00e9v\u00e9nements, accompagn\u00e9s de t\u00e9moignages directs des victimes, des survivants, ou de leurs proches. Ces rapports s&rsquo;appuient \u00e9galement sur d&rsquo;autres sources fiables. L&rsquo;organisation s&rsquo;engage \u00e0 fournir des mises \u00e0 jour r\u00e9guli\u00e8res sur la situation des droits de l&rsquo;Homme en Syrie et sur les violations majeures commises par toutes les parties au conflit.<\/p>\n<p>D&rsquo;autres publications figurent sous cette cat\u00e9gorie :<\/p>\n<p><strong>V\u00e9rification des faits :<\/strong><\/p>\n<p>Cette sous-section examine certaines publications concernant des violations pr\u00e9sum\u00e9es des droits de l&rsquo;Homme en Syrie et publie des mises \u00e0 jour r\u00e9guli\u00e8res sur les principaux sujets v\u00e9rifi\u00e9s selon une m\u00e9thodologie sp\u00e9cifique suivie par l&rsquo;organisation.<\/p>\n<p><strong>Histoires et t\u00e9moignages :<\/strong><\/p>\n<p>Cette sous-section offre aux Syriens ayant subi des violations l&rsquo;opportunit\u00e9 de partager leurs exp\u00e9riences personnelles et de raconter leurs histoires en d\u00e9tail.<\/p>\n<p><strong>Enqu\u00eates th\u00e9matiques :<\/strong><\/p>\n<p>Ces rapports approfondis se concentrent sur des \u00e9v\u00e9nements et des sujets sp\u00e9cifiques que l&rsquo;\u00e9quipe de l&rsquo;organisation documente en Syrie, afin de r\u00e9v\u00e9ler les faits et de fournir une image plus claire de ce qui se passe en Syrie. Ils identifient des sch\u00e9mas particuliers de violations et leur impact sur les civils, tout en offrant des recommandations aux parties prenantes et en \u00e9tablissant une analyse juridique au niveau local et international.<\/p>\n<p><strong>Communiqu\u00e9s de presse :<\/strong><\/p>\n<p>Ces d\u00e9clarations sont r\u00e9dig\u00e9es de mani\u00e8re ind\u00e9pendante ou en collaboration avec des organisations partenaires dans le but de publier des annonces officielles, de d\u00e9fendre des causes sp\u00e9cifiques ou de proposer des recommandations \u00e0 des entit\u00e9s pr\u00e9cises.<\/p>\n<p><strong>Documents juridiques :<\/strong><\/p>\n<p>Sous cette section sont publi\u00e9es des analyses et des \u00e9crits juridiques techniques, qu&rsquo;il s&rsquo;agisse des lois locales syriennes ou des lois internationales pertinentes dans le contexte syrien.<\/p>\n<p><strong>Contributions, plaintes et rapports aux proc\u00e9dures sp\u00e9ciales des Nations Unies :<\/strong><\/p>\n<p>De mani\u00e8re ind\u00e9pendante ou en collaboration avec des organisations syriennes locales et internationales, \u00ab\u00a0Syrians\u00a0\u00bb informe les proc\u00e9dures sp\u00e9ciales des Nations Unies sur des questions sp\u00e9cifiques dans le contexte syrien. Elle soumet \u00e9galement des rapports parall\u00e8les (rapports de l&rsquo;ombre), publi\u00e9s dans cette section.<\/p>\n<p><strong>Sections et activit\u00e9s suppl\u00e9mentaires :<\/strong><\/p>\n<p><strong>Base de donn\u00e9es :<\/strong><\/p>\n<p>La base de donn\u00e9es (exclusive) de l&rsquo;organisation vise \u00e0 soutenir les efforts d\u00e9ploy\u00e9s par les juridictions locales et internationales pour rendre justice. Elle prend \u00e9galement en compte le soutien aux efforts de litiges strat\u00e9giques actuels ou futurs. Toutes les preuves sont document\u00e9es et archiv\u00e9es dans la base de donn\u00e9es, afin d&rsquo;en extraire des mod\u00e8les et d&rsquo;identifier les auteurs potentiels.<\/p>\n<p><strong>Projets :<\/strong><\/p>\n<p>Dans le cadre de notre engagement \u00e0 renforcer la soci\u00e9t\u00e9 civile syrienne et ses dirigeants, ainsi que les communaut\u00e9s locales, nous menons divers projets au niveau local sur des sujets tels que la documentation des violations des droits de l&rsquo;Homme, la collecte de preuves, le soutien aux victimes de torture et d&rsquo;autres graves violations, la s\u00e9curit\u00e9 et la v\u00e9rification num\u00e9riques, le soutien aux dialogues entre communaut\u00e9s de<\/p>\n<p>victimes, ainsi que le renforcement de la surveillance communautaire des autorit\u00e9s locales. Nous organisons \u00e9galement des dialogues sp\u00e9cifiques entre les Syriens en Syrie et des membres du comit\u00e9 constitutionnel syrien, avec un accent particulier sur la participation des jeunes femmes dans ces projets et le respect du principe d&rsquo;inclusion.<\/p>\n<p><strong>Campagnes :<\/strong><\/p>\n<p>Notre conviction dans les avantages mutuels de la coop\u00e9ration nous pousse \u00e0 redoubler d&rsquo;efforts pour collaborer avec des organisations partenaires locales et internationales. Cela permet de combiner les expertises afin de r\u00e9aliser des objectifs communs, tels que la sensibilisation accrue, la promotion des droits de l&rsquo;Homme, la lutte contre l&rsquo;impunit\u00e9 et l&rsquo;unification des efforts de plaidoyer pour provoquer le changement souhait\u00e9.<\/p>\n","protected":false},"excerpt":{"rendered":"<p>Publication des documents : \u00ab\u00a0Syrians for Truth and Justice\u00a0\u00bb publie une vari\u00e9t\u00e9 de contenus : 1 &#8211; Journalisme des droits de l&rsquo;Homme : Sous cette cat\u00e9gorie, l&rsquo;organisation publie des rapports&hellip;<\/p>\n","protected":false},"author":16,"featured_media":0,"parent":0,"menu_order":0,"comment_status":"closed","ping_status":"closed","template":"","meta":{"_lmt_disableupdate":"no","_lmt_disable":"","footnotes":""},"class_list":["post-28110","page","type-page","status-publish","hentry"],"yoast_head":"<!-- This site is optimized with the Yoast SEO plugin v26.8 - https:\/\/yoast.com\/product\/yoast-seo-wordpress\/ -->\n<title>Que faisons-nous - \u0633\u0648\u0631\u064a\u0648\u0646 \u0645\u0646 \u0623\u062c\u0644 \u0627\u0644\u062d\u0642\u064a\u0642\u0629 \u0648\u0627\u0644\u0639\u062f\u0627\u0644\u0629<\/title>\n<meta name=\"robots\" content=\"index, follow, max-snippet:-1, max-image-preview:large, max-video-preview:-1\" \/>\n<link rel=\"canonical\" href=\"https:\/\/stj-sy.org\/fr\/que-faisons-nous\/\" \/>\n<meta property=\"og:locale\" content=\"fr_FR\" \/>\n<meta property=\"og:type\" content=\"article\" \/>\n<meta property=\"og:title\" content=\"Que faisons-nous - \u0633\u0648\u0631\u064a\u0648\u0646 \u0645\u0646 \u0623\u062c\u0644 \u0627\u0644\u062d\u0642\u064a\u0642\u0629 \u0648\u0627\u0644\u0639\u062f\u0627\u0644\u0629\" \/>\n<meta property=\"og:description\" content=\"Publication des documents : \u00ab\u00a0Syrians for Truth and Justice\u00a0\u00bb publie une vari\u00e9t\u00e9 de contenus : 1 &#8211; Journalisme des droits de l&rsquo;Homme : Sous cette cat\u00e9gorie, l&rsquo;organisation publie des rapports&hellip;\" \/>\n<meta property=\"og:url\" content=\"https:\/\/stj-sy.org\/fr\/que-faisons-nous\/\" \/>\n<meta property=\"og:site_name\" content=\"\u0633\u0648\u0631\u064a\u0648\u0646 \u0645\u0646 \u0623\u062c\u0644 \u0627\u0644\u062d\u0642\u064a\u0642\u0629 \u0648\u0627\u0644\u0639\u062f\u0627\u0644\u0629\" \/>\n<meta property=\"article:publisher\" content=\"https:\/\/www.facebook.com\/SyriaSTJ\/\" \/>\n<meta property=\"og:image\" content=\"https:\/\/stj-sy.org\/wp-content\/uploads\/2026\/01\/pages.jpg\" \/>\n\t<meta property=\"og:image:width\" content=\"1200\" \/>\n\t<meta property=\"og:image:height\" content=\"675\" \/>\n\t<meta property=\"og:image:type\" content=\"image\/jpeg\" \/>\n<meta name=\"twitter:card\" content=\"summary_large_image\" \/>\n<meta name=\"twitter:site\" content=\"@STJ_SYRIA_ENG\" \/>\n<meta name=\"twitter:label1\" content=\"Dur\u00e9e de lecture estim\u00e9e\" \/>\n\t<meta name=\"twitter:data1\" content=\"3 minutes\" \/>\n<script type=\"application\/ld+json\" class=\"yoast-schema-graph\">{\"@context\":\"https:\/\/schema.org\",\"@graph\":[{\"@type\":\"WebPage\",\"@id\":\"https:\/\/stj-sy.org\/fr\/que-faisons-nous\/\",\"url\":\"https:\/\/stj-sy.org\/fr\/que-faisons-nous\/\",\"name\":\"Que faisons-nous - \u0633\u0648\u0631\u064a\u0648\u0646 \u0645\u0646 \u0623\u062c\u0644 \u0627\u0644\u062d\u0642\u064a\u0642\u0629 \u0648\u0627\u0644\u0639\u062f\u0627\u0644\u0629\",\"isPartOf\":{\"@id\":\"https:\/\/stj-sy.org\/fr\/#website\"},\"datePublished\":\"2025-08-13T05:39:04+00:00\",\"breadcrumb\":{\"@id\":\"https:\/\/stj-sy.org\/fr\/que-faisons-nous\/#breadcrumb\"},\"inLanguage\":\"fr-FR\",\"potentialAction\":[{\"@type\":\"ReadAction\",\"target\":[\"https:\/\/stj-sy.org\/fr\/que-faisons-nous\/\"]}]},{\"@type\":\"BreadcrumbList\",\"@id\":\"https:\/\/stj-sy.org\/fr\/que-faisons-nous\/#breadcrumb\",\"itemListElement\":[{\"@type\":\"ListItem\",\"position\":1,\"name\":\"\u0627\u0644\u0631\u0626\u064a\u0633\u064a\u0629\",\"item\":\"https:\/\/stj-sy.org\/fr\/\"},{\"@type\":\"ListItem\",\"position\":2,\"name\":\"Que faisons-nous\"}]},{\"@type\":\"WebSite\",\"@id\":\"https:\/\/stj-sy.org\/fr\/#website\",\"url\":\"https:\/\/stj-sy.org\/fr\/\",\"name\":\"\u0633\u0648\u0631\u064a\u0648\u0646 \u0645\u0646 \u0623\u062c\u0644 \u0627\u0644\u062d\u0642\u064a\u0642\u0629 \u0648\u0627\u0644\u0639\u062f\u0627\u0644\u0629\",\"description\":\"\u0645\u0648\u0642\u0639 \u0648\u0648\u0631\u062f\u0628\u0631\u064a\u0633 \u0639\u0631\u0628\u064a \u0622\u062e\u0631\",\"publisher\":{\"@id\":\"https:\/\/stj-sy.org\/fr\/#organization\"},\"potentialAction\":[{\"@type\":\"SearchAction\",\"target\":{\"@type\":\"EntryPoint\",\"urlTemplate\":\"https:\/\/stj-sy.org\/fr\/?s={search_term_string}\"},\"query-input\":{\"@type\":\"PropertyValueSpecification\",\"valueRequired\":true,\"valueName\":\"search_term_string\"}}],\"inLanguage\":\"fr-FR\"},{\"@type\":\"Organization\",\"@id\":\"https:\/\/stj-sy.org\/fr\/#organization\",\"name\":\"Syrians for Truth and Justice\",\"url\":\"https:\/\/stj-sy.org\/fr\/\",\"logo\":{\"@type\":\"ImageObject\",\"inLanguage\":\"fr-FR\",\"@id\":\"https:\/\/stj-sy.org\/fr\/#\/schema\/logo\/image\/\",\"url\":\"https:\/\/stj-sy.org\/wp-content\/uploads\/2019\/05\/logo.png\",\"contentUrl\":\"https:\/\/stj-sy.org\/wp-content\/uploads\/2019\/05\/logo.png\",\"width\":231,\"height\":70,\"caption\":\"Syrians for Truth and Justice\"},\"image\":{\"@id\":\"https:\/\/stj-sy.org\/fr\/#\/schema\/logo\/image\/\"},\"sameAs\":[\"https:\/\/www.facebook.com\/SyriaSTJ\/\",\"https:\/\/x.com\/STJ_SYRIA_ENG\",\"https:\/\/www.instagram.com\/syrians_for_truth_and_justice\/\",\"https:\/\/www.linkedin.com\/in\/syrians-for-truth-and-justice-8a0119172\/\"]}]}<\/script>\n<!-- \/ Yoast SEO plugin. -->","yoast_head_json":{"title":"Que faisons-nous - \u0633\u0648\u0631\u064a\u0648\u0646 \u0645\u0646 \u0623\u062c\u0644 \u0627\u0644\u062d\u0642\u064a\u0642\u0629 \u0648\u0627\u0644\u0639\u062f\u0627\u0644\u0629","robots":{"index":"index","follow":"follow","max-snippet":"max-snippet:-1","max-image-preview":"max-image-preview:large","max-video-preview":"max-video-preview:-1"},"canonical":"https:\/\/stj-sy.org\/fr\/que-faisons-nous\/","og_locale":"fr_FR","og_type":"article","og_title":"Que faisons-nous - \u0633\u0648\u0631\u064a\u0648\u0646 \u0645\u0646 \u0623\u062c\u0644 \u0627\u0644\u062d\u0642\u064a\u0642\u0629 \u0648\u0627\u0644\u0639\u062f\u0627\u0644\u0629","og_description":"Publication des documents : \u00ab\u00a0Syrians for Truth and Justice\u00a0\u00bb publie une vari\u00e9t\u00e9 de contenus : 1 &#8211; Journalisme des droits de l&rsquo;Homme : Sous cette cat\u00e9gorie, l&rsquo;organisation publie des rapports&hellip;","og_url":"https:\/\/stj-sy.org\/fr\/que-faisons-nous\/","og_site_name":"\u0633\u0648\u0631\u064a\u0648\u0646 \u0645\u0646 \u0623\u062c\u0644 \u0627\u0644\u062d\u0642\u064a\u0642\u0629 \u0648\u0627\u0644\u0639\u062f\u0627\u0644\u0629","article_publisher":"https:\/\/www.facebook.com\/SyriaSTJ\/","og_image":[{"width":1200,"height":675,"url":"https:\/\/stj-sy.org\/wp-content\/uploads\/2026\/01\/pages.jpg","type":"image\/jpeg"}],"twitter_card":"summary_large_image","twitter_site":"@STJ_SYRIA_ENG","twitter_misc":{"Dur\u00e9e de lecture estim\u00e9e":"3 minutes"},"schema":{"@context":"https:\/\/schema.org","@graph":[{"@type":"WebPage","@id":"https:\/\/stj-sy.org\/fr\/que-faisons-nous\/","url":"https:\/\/stj-sy.org\/fr\/que-faisons-nous\/","name":"Que faisons-nous - \u0633\u0648\u0631\u064a\u0648\u0646 \u0645\u0646 \u0623\u062c\u0644 \u0627\u0644\u062d\u0642\u064a\u0642\u0629 \u0648\u0627\u0644\u0639\u062f\u0627\u0644\u0629","isPartOf":{"@id":"https:\/\/stj-sy.org\/fr\/#website"},"datePublished":"2025-08-13T05:39:04+00:00","breadcrumb":{"@id":"https:\/\/stj-sy.org\/fr\/que-faisons-nous\/#breadcrumb"},"inLanguage":"fr-FR","potentialAction":[{"@type":"ReadAction","target":["https:\/\/stj-sy.org\/fr\/que-faisons-nous\/"]}]},{"@type":"BreadcrumbList","@id":"https:\/\/stj-sy.org\/fr\/que-faisons-nous\/#breadcrumb","itemListElement":[{"@type":"ListItem","position":1,"name":"\u0627\u0644\u0631\u0626\u064a\u0633\u064a\u0629","item":"https:\/\/stj-sy.org\/fr\/"},{"@type":"ListItem","position":2,"name":"Que faisons-nous"}]},{"@type":"WebSite","@id":"https:\/\/stj-sy.org\/fr\/#website","url":"https:\/\/stj-sy.org\/fr\/","name":"\u0633\u0648\u0631\u064a\u0648\u0646 \u0645\u0646 \u0623\u062c\u0644 \u0627\u0644\u062d\u0642\u064a\u0642\u0629 \u0648\u0627\u0644\u0639\u062f\u0627\u0644\u0629","description":"\u0645\u0648\u0642\u0639 \u0648\u0648\u0631\u062f\u0628\u0631\u064a\u0633 \u0639\u0631\u0628\u064a \u0622\u062e\u0631","publisher":{"@id":"https:\/\/stj-sy.org\/fr\/#organization"},"potentialAction":[{"@type":"SearchAction","target":{"@type":"EntryPoint","urlTemplate":"https:\/\/stj-sy.org\/fr\/?s={search_term_string}"},"query-input":{"@type":"PropertyValueSpecification","valueRequired":true,"valueName":"search_term_string"}}],"inLanguage":"fr-FR"},{"@type":"Organization","@id":"https:\/\/stj-sy.org\/fr\/#organization","name":"Syrians for Truth and Justice","url":"https:\/\/stj-sy.org\/fr\/","logo":{"@type":"ImageObject","inLanguage":"fr-FR","@id":"https:\/\/stj-sy.org\/fr\/#\/schema\/logo\/image\/","url":"https:\/\/stj-sy.org\/wp-content\/uploads\/2019\/05\/logo.png","contentUrl":"https:\/\/stj-sy.org\/wp-content\/uploads\/2019\/05\/logo.png","width":231,"height":70,"caption":"Syrians for Truth and Justice"},"image":{"@id":"https:\/\/stj-sy.org\/fr\/#\/schema\/logo\/image\/"},"sameAs":["https:\/\/www.facebook.com\/SyriaSTJ\/","https:\/\/x.com\/STJ_SYRIA_ENG","https:\/\/www.instagram.com\/syrians_for_truth_and_justice\/","https:\/\/www.linkedin.com\/in\/syrians-for-truth-and-justice-8a0119172\/"]}]}},"_links":{"self":[{"href":"https:\/\/stj-sy.org\/fr\/wp-json\/wp\/v2\/pages\/28110","targetHints":{"allow":["GET"]}}],"collection":[{"href":"https:\/\/stj-sy.org\/fr\/wp-json\/wp\/v2\/pages"}],"about":[{"href":"https:\/\/stj-sy.org\/fr\/wp-json\/wp\/v2\/types\/page"}],"author":[{"embeddable":true,"href":"https:\/\/stj-sy.org\/fr\/wp-json\/wp\/v2\/users\/16"}],"replies":[{"embeddable":true,"href":"https:\/\/stj-sy.org\/fr\/wp-json\/wp\/v2\/comments?post=28110"}],"version-history":[{"count":2,"href":"https:\/\/stj-sy.org\/fr\/wp-json\/wp\/v2\/pages\/28110\/revisions"}],"predecessor-version":[{"id":28113,"href":"https:\/\/stj-sy.org\/fr\/wp-json\/wp\/v2\/pages\/28110\/revisions\/28113"}],"wp:attachment":[{"href":"https:\/\/stj-sy.org\/fr\/wp-json\/wp\/v2\/media?parent=28110"}],"curies":[{"name":"wp","href":"https:\/\/api.w.org\/{rel}","templated":true}]}}